{"id":9,"date":"2013-02-07T14:24:23","date_gmt":"2013-02-07T12:24:23","guid":{"rendered":"http:\/\/lydiaprivat.com\/free\/?page_id=9"},"modified":"2025-02-04T17:39:56","modified_gmt":"2025-02-04T16:39:56","slug":"das-bin-ich","status":"publish","type":"page","link":"https:\/\/lydiaprivat.com\/free\/das-bin-ich\/","title":{"rendered":"Das bin ich"},"content":{"rendered":"<p><img decoding=\"async\" loading=\"lazy\" class=\"size-full wp-image-84 alignleft\" style=\"border: 1px solid black; margin: 3px 5px;\" title=\"Lydia\" src=\"http:\/\/lydiaprivat.com\/free\/wp-content\/uploads\/2013\/02\/weblydia.jpg\" alt=\"Lydia\" width=\"202\" height=\"300\"><strong>Schwer sich selber zu beschreiben aber das wichtigste in Kurzform:<\/strong> schon in der Jugend hatte ich viel Spass am Sex und auch das filmen dabei f\u00fcrs private war immer ein Kick f\u00fcr mich der besonderen Art, was es auch heute noch f\u00fcr mich ist. Viele der privaten Filme und Bilder siehst auch in meinem ONLYFANS KANAL LYDIAPRIVAT hier: https:\/\/onlyfans.com\/u75274082 &nbsp;&nbsp; Auch wenn ich auf Qualit\u00e4t achte in meinen Filmen bin ich dein Amateurm\u00e4dchen aus Karlsruhe City und arbeite auch normal in einem B\u00fcro. Alles was hier siehst, mache ich selber, nur beim filmen da hab ich ein Kameramann und der ist auch bei allen Drehs dabei schon der Qualit\u00e4t der Aufnahmen wegen&#8230;&#8230;.<\/p>\n<p><strong><em>Hier nun ein paar Eckdaten zu meiner Person:<\/em><\/strong><\/p>\n<p>Name: Lydia \/ Wohnort: Karlsruhe City \/ Sexneigung: Mann und Frau&#8230; hauptsache geil \/ Beruf:&nbsp; Direktionsassistentin \/ Gr\u00f6\u00dfe: 173 cm \/ Gewicht: 53 kg \/ Haarfarbe: schwarz \/ Tattoo und Piercing vorhanden \/ Augenfarbe: dunkelbraun<\/p>\n<p>Hobbys: Volleyball, Schwimmen, Motorradfahren mit meiner Chopper, filmen&#8230;&#8230;&#8230;<\/p>\n<p>&nbsp;<\/p>\n<p>&#8230;&#8230;.der besondere film&#8230;&#8230;rollenspiele wie aus dem echten leben&#8230;&#8230;&#8230;..humor trifft porno&#8230;&#8230;..latexfilme einzigartig wie das leben&#8230;&#8230;.der fels in der pornobrandung<\/p>\n<p>nun diese kommentare kommen von netten usern und meine filme heben sich in der tat ab von der gr\u00fctze der amateurpornos.hier kannst du meine filme anschauen:<\/p>\n<p>auf meiner seite:&nbsp; amateurlydia.com<\/p>\n<p>und auch hier:&nbsp; https:\/\/www.bestfans.com\/amateurlydia<\/p>\n<p><span style=\"color: #000080;\"><span lang=\"zxx\"><u><a href=\"https:\/\/shrt7.com\/d67731\">bei amarotic: https:\/\/rb.gy\/onshoh<\/a><\/u><\/span><\/span><\/p>\n<p>&nbsp;<\/p>\n<p>&nbsp;<\/p>\n<p>&nbsp;<\/p>\n<div style=\"text-align: center;\"><span\r\n style=\"font-weight: bold;\">Klick auf einen der Links\r\nunten zum ganzen Video:<\/span><span\r\n style=\"text-decoration: underline;\"><\/span><br>\r\n<span style=\"text-decoration: underline;\"><\/span><br>\r\n<span style=\"text-decoration: underline;\"><\/span><a\r\n href=\"http:\/\/mydirtyhobby.com\/w\/geilsaft\" target=\"_blank\">Mydirtyhobby<\/a>\r\noder <a\r\n href=\"http:\/\/www.privatamateure.com\/show_amateur.php?amateur_nickname=nachbarsvotze\"\r\n target=\"_blank\">Privatamateure<\/a> oder <a\r\n title=\"Zu meinem Profil\"\r\n href=\"http:\/\/www.amarotic.com\/Profil\/jungfotze?wmid=2064784&amp;kamid=7314\"\r\n target=\"_blank\">Amarotic<\/a><br>\r\n<\/div>","protected":false},"excerpt":{"rendered":"<p>Schwer sich selber zu beschreiben aber das wichtigste in Kurzform: schon in der Jugend hatte ich viel Spass am Sex und auch das filmen dabei f\u00fcrs private war immer ein Kick f\u00fcr mich der besonderen Art, was es auch heute noch f\u00fcr mich ist. Viele der privaten Filme und Bilder siehst auch in meinem ONLYFANS [&hellip;]<\/p>\n","protected":false},"author":9,"featured_media":0,"parent":0,"menu_order":1,"comment_status":"closed","ping_status":"closed","template":"","meta":{"ngg_post_thumbnail":0,"_links_to":"","_links_to_target":""},"aioseo_notices":[],"_links":{"self":[{"href":"https:\/\/lydiaprivat.com\/free\/wp-json\/wp\/v2\/pages\/9"}],"collection":[{"href":"https:\/\/lydiaprivat.com\/free\/wp-json\/wp\/v2\/pages"}],"about":[{"href":"https:\/\/lydiaprivat.com\/free\/wp-json\/wp\/v2\/types\/page"}],"author":[{"embeddable":true,"href":"https:\/\/lydiaprivat.com\/free\/wp-json\/wp\/v2\/users\/9"}],"replies":[{"embeddable":true,"href":"https:\/\/lydiaprivat.com\/free\/wp-json\/wp\/v2\/comments?post=9"}],"version-history":[{"count":14,"href":"https:\/\/lydiaprivat.com\/free\/wp-json\/wp\/v2\/pages\/9\/revisions"}],"predecessor-version":[{"id":2934,"href":"https:\/\/lydiaprivat.com\/free\/wp-json\/wp\/v2\/pages\/9\/revisions\/2934"}],"wp:attachment":[{"href":"https:\/\/lydiaprivat.com\/free\/wp-json\/wp\/v2\/media?parent=9"}],"curies":[{"name":"wp","href":"https:\/\/api.w.org\/{rel}","templated":true}]}}